{"id":5242,"date":"2023-03-29T14:46:33","date_gmt":"2023-03-29T11:46:33","guid":{"rendered":"https:\/\/makevoice.com\/ukk\/"},"modified":"2023-08-10T09:57:35","modified_gmt":"2023-08-10T06:57:35","slug":"ukk","status":"publish","type":"page","link":"https:\/\/makevoice.com\/fi\/ukk\/","title":{"rendered":"UKK"},"content":{"rendered":"\r\n\r\n<section class=\"hero site-banner banner-bg-image section-default default alignfull image\">\r\n\r\n    <div class=\"site-banner-bg section-bg-image ob-position\" style=\"object-position: 50% 14%\" >\r\n\r\n        <img loading=\"lazy\" decoding=\"async\" width=\"1366\" height=\"768\" src=\"https:\/\/makevoice.com\/wp-content\/uploads\/2023\/07\/spiikkerit.png\" class=\"attachment-1536\u00d71536 size-1536\u00d71536\" alt=\"\" srcset=\"https:\/\/makevoice.com\/wp-content\/uploads\/2023\/07\/spiikkerit.png 1366w, https:\/\/makevoice.com\/wp-content\/uploads\/2023\/07\/spiikkerit-300x169.png 300w, https:\/\/makevoice.com\/wp-content\/uploads\/2023\/07\/spiikkerit-1024x576.png 1024w, https:\/\/makevoice.com\/wp-content\/uploads\/2023\/07\/spiikkerit-768x432.png 768w\" sizes=\"auto, (max-width: 1366px) 100vw, 1366px\" \/>\r\n        \r\n            <div class=\"site-banner-content container\">\r\n                <div class=\"row w-100\">\r\n                    <div class=\"col-md-12\">\r\n\r\n                        <h1 class=\"hero-title\">Makevoice Oy<\/h1><div class=\"inner-content\">\r\n                            <div class=\"acf-innerblocks-container\">\n\n<h2 class=\"wp-block-heading\">UKK<\/h2>\n\n<\/div>\r\n                        <\/div>                    <\/div>\r\n                <\/div>\r\n            <\/div>\r\n        \r\n        <\/div><\/section>\n\n\n<div class=\"wp-block-columns is-style-default is-layout-flex wp-container-core-columns-is-layout-9d6595d7 wp-block-columns-is-layout-flex\">\n<div class=\"wp-block-column is-layout-flow wp-block-column-is-layout-flow\">\n<p>Maailma muuttuu ja meid\u00e4n tulee muuttua sen mukana. Samalla kun videoiden leikkausrytmit tulevat nopeammaksi, my\u00f6s vaatimustaso kasvaa tuotantojen l\u00e4pimenojen aikatauluissa ja hinnoittelussa.<\/p>\n\n\n\n<p>Makevoice Oy ei ole vain leikkaa, liimaa ja \u00e4\u00e4ni -tyyppinen tuotantoyhti\u00f6 vaan luova ja asiakkaan nykyaikaisia tarpeita ymm\u00e4rt\u00e4v\u00e4, markkinoinnin ja mainonnan&nbsp; ty\u00f6kalu.<\/p>\n\n\n\n<p>Joskus tavarantoimitusten logistiset ongelmat saattavat muuttaa radikaalisti kauden markkinointisuunnitelmaa ja t\u00e4t\u00e4 kautta voi synty\u00e4 tilanteita, jossa tarvitaan nopeasti mainosmateriaalia mediakentt\u00e4\u00e4n.<\/p>\n\n\n\n<p>Meille tulee toimeksiantoja, joissa aikataulut on t\u00e4n\u00e4\u00e4n ja huomenna. Laadukkaassa lopputuloksessa rutiinit ja ty\u00f6skentelymetodit n\u00e4yttelev\u00e4t suurta roolia ja n\u00e4it\u00e4 tuotantoprosessien osia on toistettu riitt\u00e4v\u00e4sti, jotta voimme tarjota sinulle loistavaa palvelua, parhaimmillaan super nopeasti.<\/p>\n\n\n\n<p><\/p>\n\n\n\r\n<div  class=\"accordion accordion-bg\">\r\n\r\n    <div class=\"acf-innerblocks-container\">\n\r\n<div class=\"accordion-item  \">\r\n\r\n    <h2  class=\"accordion-header\">\r\n        <button class=\"accordion-button  collapsed h3\" type=\"button\" data-bs-toggle=\"collapse\" data-bs-target=\"#collapse-1379304885\" aria-expanded=\"false\" aria-controls=\"collapse-1379304885\">\r\n                        <span>Jos toimitamme videomateriaalin t\u00e4n\u00e4\u00e4n niin saadaanko valmista huomiseksi?<\/span>        <\/button>\r\n    <\/h2>\r\n    <div id=\"collapse-1379304885\" class=\"accordion-collapse collapse  \" aria-labelledby=\"heading-1379304885\">\r\n        <div class=\"accordion-body\">\r\n            <div class=\"acf-innerblocks-container\">\n\n<p>Tuotannot voivat valmistuvat samana p\u00e4iv\u00e4n\u00e4 kun materiaali on vastaanotettu ja kaikki tarvittavat palaset ovat olemassa. Tuotannossa voi olla monia liikkuvia osia, joten aikataulu on paljon kiinni siit\u00e4 miten n\u00e4m\u00e4 osat saadaan pakettiin. Esimerkiksi Spiikkerin aikataulut, Materiaalien oikeanlainen sis\u00e4lt\u00f6 ja mahdolliset uudelleen tilaukset, Eri maiden tuotanto-aikataulut.<\/p>\n\n\n\n<p>Materiaalin s\u00e4ilytt\u00e4minen ja arkistointi n\u00e4yttelee isoa roolia kun tuotteista ei ole saatavilla uusia filmej\u00e4. Makevoice tallentaa 98% tekemist\u00e4\u00e4n tuotannoista j\u00e4rjestelm\u00e4\u00e4n, josta&nbsp;tarvittaessa materiaali on palautettavissa tuotantok\u00e4ytt\u00f6\u00f6n muutamassa minuutissa.<\/p>\n\n<\/div>        <\/div>\r\n\r\n\r\n    <\/div>\r\n<\/div>\n\n\r\n<div class=\"accordion-item  \">\r\n\r\n    <h2  class=\"accordion-header\">\r\n        <button class=\"accordion-button  collapsed h3\" type=\"button\" data-bs-toggle=\"collapse\" data-bs-target=\"#collapse-338966494\" aria-expanded=\"false\" aria-controls=\"collapse-338966494\">\r\n                        <span>Voidaanko leikata 3 &#8211; vuotta vanhasta filmist\u00e4 punainen tuote ja liitt\u00e4\u00e4 se toissavuotiseen filmiin, tehd\u00e4 uusi loppukuva ja spiikata mainos uudestaan? <\/span>        <\/button>\r\n    <\/h2>\r\n    <div id=\"collapse-338966494\" class=\"accordion-collapse collapse  \" aria-labelledby=\"heading-338966494\">\r\n        <div class=\"accordion-body\">\r\n            <div class=\"acf-innerblocks-container\">\n\n<p>Jos tuotannot ovat tehty Makevoice:ssa niin kyll\u00e4 voidaan. On my\u00f6s mahdollista, ett\u00e4 asiakas l\u00e4hett\u00e4\u00e4 kaikki vanhat materiaalit ja niist\u00e4 koostetaan uusi kokonaisuus.<\/p>\n\n\n\n<p>Mediakentt\u00e4 on laaja ja samaa materiaalia pit\u00e4\u00e4 soveltaa eri muodoissa.<\/p>\n\n<\/div>        <\/div>\r\n\r\n\r\n    <\/div>\r\n<\/div>\n\n\r\n<div class=\"accordion-item  \">\r\n\r\n    <h2  class=\"accordion-header\">\r\n        <button class=\"accordion-button  collapsed h3\" type=\"button\" data-bs-toggle=\"collapse\" data-bs-target=\"#collapse-333862087\" aria-expanded=\"false\" aria-controls=\"collapse-333862087\">\r\n                        <span>Meill\u00e4 on tv-mainos materiaalia josta pit\u00e4isi tehd\u00e4 suomeen, ruotsiin, tanskaan ja norjaan mainokset Youtube kampanjaan ja t\u00e4m\u00e4n lis\u00e4ksi materiaalista pit\u00e4isi muokata lyhennetty, pystykuva 9\/16 mainos sosiaaliseen mediaan. Onnistuuko?<\/span>        <\/button>\r\n    <\/h2>\r\n    <div id=\"collapse-333862087\" class=\"accordion-collapse collapse  \" aria-labelledby=\"heading-333862087\">\r\n        <div class=\"accordion-body\">\r\n            <div class=\"acf-innerblocks-container\">\n\n<p>Kyll\u00e4 voidaan.<\/p>\n\n\n\n<p>Toimitamme tuotantoja mm. mediatoimistoille, suoraan tv &#8211; kanaville, jakokanavien kautta (Spotgate\/Peach), peleihin, sosiaaliseen mediaan, radioihin, puhelinvaihteisiin ja tuotteisiin esim. leluihin.&nbsp;<\/p>\n\n\n\n<p>Makevoice Oy on markkinointip\u00e4\u00e4llik\u00f6n ja kategoria managerin alainen ty\u00f6kalu.<\/p>\n\n\n\n<p>Tarvittaessa voimme hoitaa koko ketjun materiaalin tilauksesta, tuotantoon ja hyv\u00e4ksynn\u00e4n j\u00e4lkeen uppaamisen vaikka youtube kanavallesi, h\u00e4st\u00e4git lis\u00e4t\u00e4\u00e4n toivomusten mukaan.&nbsp;<\/p>\n\n<\/div>        <\/div>\r\n\r\n\r\n    <\/div>\r\n<\/div>\n\n\r\n<div class=\"accordion-item  \">\r\n\r\n    <h2  class=\"accordion-header\">\r\n        <button class=\"accordion-button  collapsed h3\" type=\"button\" data-bs-toggle=\"collapse\" data-bs-target=\"#collapse-1029499263\" aria-expanded=\"false\" aria-controls=\"collapse-1029499263\">\r\n                        <span>Meill\u00e4 on jo kaikki muut kielet kunnossa, mutta suomenkielinen spiikkeri puuttuu. Voitko l\u00e4hett\u00e4\u00e4 3 vaihtoehtoa niin valitsemme heist\u00e4 sopivan ja voidaanko bookata valinnan j\u00e4lkeen \u00e4\u00e4nitys, jota seuraamme et\u00e4yhteysohjelmalla?<\/span>        <\/button>\r\n    <\/h2>\r\n    <div id=\"collapse-1029499263\" class=\"accordion-collapse collapse  \" aria-labelledby=\"heading-1029499263\">\r\n        <div class=\"accordion-body\">\r\n            <div class=\"acf-innerblocks-container\">\n\n<p>Kyll\u00e4 voimme.<\/p>\n\n<\/div>        <\/div>\r\n\r\n\r\n    <\/div>\r\n<\/div>\n\n\r\n<div class=\"accordion-item  \">\r\n\r\n    <h2  class=\"accordion-header\">\r\n        <button class=\"accordion-button  collapsed h3\" type=\"button\" data-bs-toggle=\"collapse\" data-bs-target=\"#collapse-1864738516\" aria-expanded=\"false\" aria-controls=\"collapse-1864738516\">\r\n                        <span>Haluaisin k\u00e4ytt\u00e4\u00e4 toissavuotista spiikki\u00e4 my\u00f6s t\u00e4m\u00e4n vuoden filkassa, mit\u00e4 pit\u00e4\u00e4 ottaa huomioon?<\/span>        <\/button>\r\n    <\/h2>\r\n    <div id=\"collapse-1864738516\" class=\"accordion-collapse collapse  \" aria-labelledby=\"heading-1864738516\">\r\n        <div class=\"accordion-body\">\r\n            <div class=\"acf-innerblocks-container\">\n\n<p>Yleens\u00e4 spiikin k\u00e4ytt\u00f6oikeus on 1 vuosi laskun er\u00e4p\u00e4iv\u00e4st\u00e4. T\u00e4m\u00e4n j\u00e4lkeen k\u00e4ytt\u00f6oikeutta voi pident\u00e4\u00e4 samaan mediaan esimerkiksi vuodeksi, maksamalla 50% esiintyj\u00e4palkkiosta. Jos haluat lis\u00e4\u00e4 tietoa tekij\u00e4noikeuksien k\u00e4yt\u00e4nn\u00f6ist\u00e4, <a href=\"https:\/\/makevoice.com\/fi\/yhteystiedot\/\" title=\"Yhteystiedot\">ota yhteytt\u00e4<\/a>.&nbsp;<\/p>\n\n<\/div>        <\/div>\r\n\r\n\r\n    <\/div>\r\n<\/div>\n\n\r\n<div class=\"accordion-item  \">\r\n\r\n    <h2  class=\"accordion-header\">\r\n        <button class=\"accordion-button  collapsed h3\" type=\"button\" data-bs-toggle=\"collapse\" data-bs-target=\"#collapse-1118362672\" aria-expanded=\"false\" aria-controls=\"collapse-1118362672\">\r\n                        <span>Meill\u00e4 on 4 p\u00e4iv\u00e4n p\u00e4\u00e4st\u00e4 tapahtuma liikkeess\u00e4mme ja emme ole bookanneet juontajaa. Onnistuuko t\u00e4ll\u00e4 aikataululla tehd\u00e4 et\u00e4juontopaketti jos l\u00e4het\u00e4mme tuotteet ja tarjoukset?<\/span>        <\/button>\r\n    <\/h2>\r\n    <div id=\"collapse-1118362672\" class=\"accordion-collapse collapse  \" aria-labelledby=\"heading-1118362672\">\r\n        <div class=\"accordion-body\">\r\n            <div class=\"acf-innerblocks-container\">\n\n<p>Kyll\u00e4 onnistuu. Jos sinulla on \u00e4\u00e4nentoistoj\u00e4rjestelm\u00e4 tiloissasi josta voidaan ajaa audiotiedostoja. Teemme tarjouksistanne ja tapahtumastanne k\u00e4sikirjoitukset ja \u00e4\u00e4nit\u00e4mme ne. Voit sy\u00f6tt\u00e4\u00e4 ne j\u00e4rjestelm\u00e4\u00e4n itse tai&nbsp; pyyyt\u00e4\u00e4 operaattorianne aikatauluttamaan tapahtumajuonnot toivomustenne mukaan. Ks. <a href=\"https:\/\/makevoice.com\/palvelut\/\" title=\"Palvelut\">et\u00e4juontopaketti<\/a><\/p>\n\n<\/div>        <\/div>\r\n\r\n\r\n    <\/div>\r\n<\/div>\n\n\r\n<div class=\"accordion-item  \">\r\n\r\n    <h2  class=\"accordion-header\">\r\n        <button class=\"accordion-button  collapsed h3\" type=\"button\" data-bs-toggle=\"collapse\" data-bs-target=\"#collapse-819212322\" aria-expanded=\"false\" aria-controls=\"collapse-819212322\">\r\n                        <span>Meill\u00e4 on kuva valmiina tv-mainokseen, mutta \u00e4\u00e4nisuunnittelua ei ole. Voitteko tehd\u00e4 musiikin ja efektiikan kuvan mukaan. Spiikki tulisi my\u00f6s meilt\u00e4, mutta se pit\u00e4isi miksata lopuksi R128 standardin mukaan. Onnistuuko?<\/span>        <\/button>\r\n    <\/h2>\r\n    <div id=\"collapse-819212322\" class=\"accordion-collapse collapse  \" aria-labelledby=\"heading-819212322\">\r\n        <div class=\"accordion-body\">\r\n            <div class=\"acf-innerblocks-container\">\n\n<p>Kyll\u00e4 onnistuu. Kerrotte vain mink\u00e4laista efektiikkaa haluatte ja mink\u00e4laista musiikkia toivotte meid\u00e4n s\u00e4velt\u00e4v\u00e4n.<\/p>\n\n<\/div>        <\/div>\r\n\r\n\r\n    <\/div>\r\n<\/div>\n\n\r\n<div class=\"accordion-item  \">\r\n\r\n    <h2  class=\"accordion-header\">\r\n        <button class=\"accordion-button  collapsed h3\" type=\"button\" data-bs-toggle=\"collapse\" data-bs-target=\"#collapse-58669717\" aria-expanded=\"false\" aria-controls=\"collapse-58669717\">\r\n                        <span>Tarvitsemme dubbauksen tuotteestamme tehtyyn Youtube -sarjaan sek\u00e4 peliin. Onnistuuko?<\/span>        <\/button>\r\n    <\/h2>\r\n    <div id=\"collapse-58669717\" class=\"accordion-collapse collapse  \" aria-labelledby=\"heading-58669717\">\r\n        <div class=\"accordion-body\">\r\n            <div class=\"acf-innerblocks-container\">\n\n<p>Kyll\u00e4 onnistuu. Kun saamme tiedot, kuinka monta osaa sarjassa on, kuinka monta ja mink\u00e4laista hahmoa tarvitsette ja paljonko repliikkej\u00e4 on \/hahmo, niin voimme m\u00e4\u00e4ritell\u00e4 teille kustannusarvion. Pelin suhteen tarvitsemme samoja tietoja. Voimme pit\u00e4\u00e4 tarvittaessa casting tilaisuuden, jolloin saatte paremman tuntuman hahmojen sopivuudesta tuotantoonne. Saat meilt\u00e4 castingin, bookkaukset, \u00e4\u00e4nitykset, ohjauksen ja miksauksen haluttuun formaattiin.<\/p>\n\n<\/div>        <\/div>\r\n\r\n\r\n    <\/div>\r\n<\/div>\n<\/div>\r\n<\/div>\n\n\n<p><a href=\"https:\/\/makevoice.com\/fi\/yhteystiedot\/\" title=\"Yhteystiedot\">Kysy lis\u00e4\u00e4?<\/a><\/p>\n\n\n\n<p>Ty\u00f6t\u00e4 tehd\u00e4\u00e4n suurella intohimolla ja uteliaisuudella.&nbsp;<\/p>\n\n\n\n<p>Opiskelemme Virtuaali tuotantoa ja tutkimme teko\u00e4lyn tuomia mahdollisuuksia tuotannoissamme.<\/p>\n<\/div>\n<\/div>\n","protected":false},"excerpt":{"rendered":"<p>Maailma muuttuu ja meid\u00e4n tulee muuttua sen mukana. Samalla kun videoiden leikkausrytmit tulevat nopeammaksi, my\u00f6s vaatimustaso kasvaa tuotantojen l\u00e4pimenojen aikatauluissa ja hinnoittelussa. Makevoice Oy ei ole vain leikkaa, liimaa ja \u00e4\u00e4ni -tyyppinen tuotantoyhti\u00f6 vaan luova ja asiakkaan nykyaikaisia tarpeita ymm\u00e4rt\u00e4v\u00e4, markkinoinnin ja mainonnan&nbsp; ty\u00f6kalu. Joskus tavarantoimitusten logistiset ongelmat saattavat muuttaa radikaalisti kauden markkinointisuunnitelmaa ja t\u00e4t\u00e4 [&hellip;]<\/p>\n","protected":false},"author":1,"featured_media":0,"parent":0,"menu_order":0,"comment_status":"closed","ping_status":"closed","template":"","meta":{"_acf_changed":false,"footnotes":""},"class_list":["post-5242","page","type-page","status-publish","hentry"],"acf":[],"aioseo_notices":[],"_links":{"self":[{"href":"https:\/\/makevoice.com\/fi\/wp-json\/wp\/v2\/pages\/5242","targetHints":{"allow":["GET"]}}],"collection":[{"href":"https:\/\/makevoice.com\/fi\/wp-json\/wp\/v2\/pages"}],"about":[{"href":"https:\/\/makevoice.com\/fi\/wp-json\/wp\/v2\/types\/page"}],"author":[{"embeddable":true,"href":"https:\/\/makevoice.com\/fi\/wp-json\/wp\/v2\/users\/1"}],"replies":[{"embeddable":true,"href":"https:\/\/makevoice.com\/fi\/wp-json\/wp\/v2\/comments?post=5242"}],"version-history":[{"count":1,"href":"https:\/\/makevoice.com\/fi\/wp-json\/wp\/v2\/pages\/5242\/revisions"}],"predecessor-version":[{"id":5453,"href":"https:\/\/makevoice.com\/fi\/wp-json\/wp\/v2\/pages\/5242\/revisions\/5453"}],"wp:attachment":[{"href":"https:\/\/makevoice.com\/fi\/wp-json\/wp\/v2\/media?parent=5242"}],"curies":[{"name":"wp","href":"https:\/\/api.w.org\/{rel}","templated":true}]}}