{"id":5240,"date":"2023-03-29T14:46:04","date_gmt":"2023-03-29T11:46:04","guid":{"rendered":"https:\/\/makevoice.com\/tarina\/"},"modified":"2023-03-29T14:46:04","modified_gmt":"2023-03-29T11:46:04","slug":"tarina","status":"publish","type":"page","link":"https:\/\/makevoice.com\/fi\/tarina\/","title":{"rendered":"Tarina"},"content":{"rendered":"\r\n\r\n<section class=\"hero site-banner banner-bg-image section-default default alignfull image\">\r\n\r\n    <div class=\"site-banner-bg section-bg-image ob-position\" style=\"object-position: 50% 5%\" >\r\n\r\n        <img loading=\"lazy\" decoding=\"async\" width=\"1366\" height=\"768\" src=\"https:\/\/makevoice.com\/wp-content\/uploads\/2023\/07\/audio-production.png\" class=\"attachment-1536\u00d71536 size-1536\u00d71536\" alt=\"\" srcset=\"https:\/\/makevoice.com\/wp-content\/uploads\/2023\/07\/audio-production.png 1366w, https:\/\/makevoice.com\/wp-content\/uploads\/2023\/07\/audio-production-300x169.png 300w, https:\/\/makevoice.com\/wp-content\/uploads\/2023\/07\/audio-production-1024x576.png 1024w, https:\/\/makevoice.com\/wp-content\/uploads\/2023\/07\/audio-production-768x432.png 768w\" sizes=\"auto, (max-width: 1366px) 100vw, 1366px\" \/>\r\n        \r\n            <div class=\"site-banner-content container\">\r\n                <div class=\"row w-100\">\r\n                    <div class=\"col-md-12\">\r\n\r\n                        <h1 class=\"hero-title\">Makevoice Oy<\/h1><div class=\"inner-content\">\r\n                            <div class=\"acf-innerblocks-container\">\n\n<h2 class=\"wp-block-heading\">Tarina<\/h2>\n\n<\/div>\r\n                        <\/div>                    <\/div>\r\n                <\/div>\r\n            <\/div>\r\n        \r\n        <\/div><\/section>\n\n\n<div class=\"wp-block-columns is-style-narrow is-layout-flex wp-container-core-columns-is-layout-9d6595d7 wp-block-columns-is-layout-flex\">\n<div class=\"wp-block-column is-layout-flow wp-block-column-is-layout-flow\">\n<p>Makevoice Oy sai alkunsa musiikkiharrastetilasta, joka sijaitsi Nurmij\u00e4rven Kiljavalla, S\u00e4\u00e4ksij\u00e4rven rannalla. Toiminta alkoi Studio Make\u00b4s Music toiminimell\u00e4&nbsp;vuonna&nbsp;1995 ja vuotta my\u00f6hemmin muutettiin uuteen valmistuneeseen studioon Klaukkalaan, jossa nimi muuttui Makevoice Oy:ksi.<\/p>\n\n\n\n<p>Alkuun tuotanto oli musiikkia mutta yhteisty\u00f6 tuolloisen Klaukkalassa sijaitsevan Radio 3:n kanssa painotti tuotannot radiomainoksiksi ja kuunnelmiksi. Tuolloin mainokset tehtiin Kelanauhureilla ja Nab-nauhureilla.<\/p>\n<\/div>\n<\/div>\n\n\n\n<div class=\"wp-block-columns is-style-narrow is-layout-flex wp-container-core-columns-is-layout-9d6595d7 wp-block-columns-is-layout-flex\">\n<div class=\"wp-block-column is-layout-flow wp-block-column-is-layout-flow\"><div class=\"wp-block-image\">\n<figure class=\"aligncenter size-large is-resized\"><img loading=\"lazy\" decoding=\"async\" src=\"https:\/\/makevoice.com\/wp-content\/uploads\/2023\/05\/tarina-1024x685.png\" alt=\"\" class=\"wp-image-4637\" width=\"428\" height=\"286\" srcset=\"https:\/\/makevoice.com\/wp-content\/uploads\/2023\/05\/tarina-1024x685.png 1024w, https:\/\/makevoice.com\/wp-content\/uploads\/2023\/05\/tarina-300x201.png 300w, https:\/\/makevoice.com\/wp-content\/uploads\/2023\/05\/tarina-768x514.png 768w, https:\/\/makevoice.com\/wp-content\/uploads\/2023\/05\/tarina.png 1399w\" sizes=\"auto, (max-width: 428px) 100vw, 428px\" \/><\/figure>\n<\/div><\/div>\n\n\n\n<div class=\"wp-block-column is-layout-flow wp-block-column-is-layout-flow\">\n<p>27 vuotta kokemusta kaupallisesta \u00e4\u00e4nest\u00e4 sis\u00e4lt\u00e4\u00e4 kymmeni\u00e4 tuhansia audiopaloja. Mm. Yli 1500 \u00e4\u00e4nikirjaa,&nbsp;kymmeni\u00e4 dubattuja elokuvia ja miksauksia teatterehin ja tv-kanaville, nykyisin jopa 1500 spiikki\u00e4 kauppakeskuksiin ja yli 350 audiomainosta vuodessa.<\/p>\n\n\n\n<p>Vuodesta 2001 mukaan tuli mainosfilmien lokalisoiminen ja tuotanto. N\u00e4it\u00e4&nbsp;on ehditty tehd\u00e4 1500 kpl, l\u00e4hinn\u00e4 lelumainosten muodossa.&nbsp;<\/p>\n<\/div>\n<\/div>\n\n\n\n<div class=\"wp-block-columns is-style-narrow is-layout-flex wp-container-core-columns-is-layout-9d6595d7 wp-block-columns-is-layout-flex\">\n<div class=\"wp-block-column is-layout-flow wp-block-column-is-layout-flow\">\n<p><\/p>\n\n\n\n<p>Matkan varrella on ehditty&nbsp;rakentaa&nbsp;\u00e4\u00e4nimaailmojen lis\u00e4ksi my\u00f6s jopa 17 studiota, p\u00e4\u00e4osin omaan k\u00e4ytt\u00f6\u00f6n.<\/p>\n\n\n\n<p>Ty\u00f6t\u00e4 tehd\u00e4\u00e4n hyv\u00e4ll\u00e4 meiningill\u00e4 ja tuotantoprosessinlukutaito on huippuluokkaa, joten kanssamme ty\u00f6skentely on mutkatonta.<\/p>\n\n\n\n<p>Makevoice Oy:n tuotannosta vastaa Marko T\u00e4htikumpu, joka ohjaa tuotannoissaan laajaa spiikkeri-&nbsp;ja studioverkostoa eri maissa.&nbsp;<\/p>\n<\/div>\n\n\n\n<div class=\"wp-block-column is-layout-flow wp-block-column-is-layout-flow\"><div class=\"wp-block-image\">\n<figure class=\"aligncenter size-full is-resized\"><img loading=\"lazy\" decoding=\"async\" src=\"https:\/\/makevoice.com\/wp-content\/uploads\/2023\/05\/tarinan-loppu.jpg\" alt=\"\" class=\"wp-image-4640\" width=\"229\" height=\"324\" srcset=\"https:\/\/makevoice.com\/wp-content\/uploads\/2023\/05\/tarinan-loppu.jpg 543w, https:\/\/makevoice.com\/wp-content\/uploads\/2023\/05\/tarinan-loppu-212x300.jpg 212w\" sizes=\"auto, (max-width: 229px) 100vw, 229px\" \/><\/figure>\n<\/div><\/div>\n<\/div>\n\n\n\n<div class=\"wp-block-columns is-style-narrow is-layout-flex wp-container-core-columns-is-layout-9d6595d7 wp-block-columns-is-layout-flex\">\n<div class=\"wp-block-column border is-layout-flow wp-block-column-is-layout-flow\">\n<p>11- vuotias Leo T\u00e4htikumpu toimii Makevoice oy:ss\u00e4 harjoittelijana.<\/p>\n\n\n\n<figure class=\"wp-block-image size-large is-resized\"><img loading=\"lazy\" decoding=\"async\" src=\"https:\/\/makevoice.com\/wp-content\/uploads\/2023\/05\/leo-taehtikumpu-1024x685.png\" alt=\"\" class=\"wp-image-4586\" width=\"443\" height=\"296\" srcset=\"https:\/\/makevoice.com\/wp-content\/uploads\/2023\/05\/leo-taehtikumpu-1024x685.png 1024w, https:\/\/makevoice.com\/wp-content\/uploads\/2023\/05\/leo-taehtikumpu-300x201.png 300w, https:\/\/makevoice.com\/wp-content\/uploads\/2023\/05\/leo-taehtikumpu-768x514.png 768w, https:\/\/makevoice.com\/wp-content\/uploads\/2023\/05\/leo-taehtikumpu.png 1399w\" sizes=\"auto, (max-width: 443px) 100vw, 443px\" \/><\/figure>\n<\/div>\n\n\n\n<div class=\"wp-block-column is-layout-flow wp-block-column-is-layout-flow\"><\/div>\n<\/div>\n\n\n\n<div class=\"wp-block-columns alignfull is-layout-flex wp-container-core-columns-is-layout-9d6595d7 wp-block-columns-is-layout-flex\">\n<div class=\"wp-block-column is-layout-flow wp-block-column-is-layout-flow\"><div class=\"wp-block-image\">\n<figure class=\"aligncenter size-large\"><img loading=\"lazy\" decoding=\"async\" width=\"1024\" height=\"174\" src=\"https:\/\/makevoice.com\/wp-content\/uploads\/2023\/07\/mustavalkoiset-menneet-kuvat-1024x174.jpg\" alt=\"\" class=\"wp-image-5141\" srcset=\"https:\/\/makevoice.com\/wp-content\/uploads\/2023\/07\/mustavalkoiset-menneet-kuvat-1024x174.jpg 1024w, https:\/\/makevoice.com\/wp-content\/uploads\/2023\/07\/mustavalkoiset-menneet-kuvat-300x51.jpg 300w, https:\/\/makevoice.com\/wp-content\/uploads\/2023\/07\/mustavalkoiset-menneet-kuvat-768x130.jpg 768w, https:\/\/makevoice.com\/wp-content\/uploads\/2023\/07\/mustavalkoiset-menneet-kuvat-1536x261.jpg 1536w, https:\/\/makevoice.com\/wp-content\/uploads\/2023\/07\/mustavalkoiset-menneet-kuvat.jpg 1916w\" sizes=\"auto, (max-width: 1024px) 100vw, 1024px\" \/><\/figure>\n<\/div><\/div>\n<\/div>\n","protected":false},"excerpt":{"rendered":"<p>Makevoice Oy sai alkunsa musiikkiharrastetilasta, joka sijaitsi Nurmij\u00e4rven Kiljavalla, S\u00e4\u00e4ksij\u00e4rven rannalla. Toiminta alkoi Studio Make\u00b4s Music toiminimell\u00e4&nbsp;vuonna&nbsp;1995 ja vuotta my\u00f6hemmin muutettiin uuteen valmistuneeseen studioon Klaukkalaan, jossa nimi muuttui Makevoice Oy:ksi. Alkuun tuotanto oli musiikkia mutta yhteisty\u00f6 tuolloisen Klaukkalassa sijaitsevan Radio 3:n kanssa painotti tuotannot radiomainoksiksi ja kuunnelmiksi. Tuolloin mainokset tehtiin Kelanauhureilla ja Nab-nauhureilla. 27 vuotta [&hellip;]<\/p>\n","protected":false},"author":1,"featured_media":0,"parent":0,"menu_order":0,"comment_status":"closed","ping_status":"closed","template":"","meta":{"_acf_changed":false,"footnotes":""},"class_list":["post-5240","page","type-page","status-publish","hentry"],"acf":[],"aioseo_notices":[],"_links":{"self":[{"href":"https:\/\/makevoice.com\/fi\/wp-json\/wp\/v2\/pages\/5240","targetHints":{"allow":["GET"]}}],"collection":[{"href":"https:\/\/makevoice.com\/fi\/wp-json\/wp\/v2\/pages"}],"about":[{"href":"https:\/\/makevoice.com\/fi\/wp-json\/wp\/v2\/types\/page"}],"author":[{"embeddable":true,"href":"https:\/\/makevoice.com\/fi\/wp-json\/wp\/v2\/users\/1"}],"replies":[{"embeddable":true,"href":"https:\/\/makevoice.com\/fi\/wp-json\/wp\/v2\/comments?post=5240"}],"version-history":[{"count":0,"href":"https:\/\/makevoice.com\/fi\/wp-json\/wp\/v2\/pages\/5240\/revisions"}],"wp:attachment":[{"href":"https:\/\/makevoice.com\/fi\/wp-json\/wp\/v2\/media?parent=5240"}],"curies":[{"name":"wp","href":"https:\/\/api.w.org\/{rel}","templated":true}]}}