{"id":5238,"date":"2023-03-29T14:45:40","date_gmt":"2023-03-29T11:45:40","guid":{"rendered":"https:\/\/makevoice.com\/referenssit\/"},"modified":"2024-05-13T10:02:36","modified_gmt":"2024-05-13T07:02:36","slug":"referenssit","status":"publish","type":"page","link":"https:\/\/makevoice.com\/fi\/referenssit\/","title":{"rendered":"Referenssit"},"content":{"rendered":"\r\n\r\n<section class=\"hero site-banner banner-bg-image section-default default alignfull image\">\r\n\r\n    <div class=\"site-banner-bg section-bg-image ob-position\" style=\"object-position: 50% 0%\" >\r\n\r\n        <img loading=\"lazy\" decoding=\"async\" width=\"1025\" height=\"576\" src=\"https:\/\/makevoice.com\/wp-content\/uploads\/2023\/07\/hevisaurus.png\" class=\"attachment-1536\u00d71536 size-1536\u00d71536\" alt=\"\" srcset=\"https:\/\/makevoice.com\/wp-content\/uploads\/2023\/07\/hevisaurus.png 1025w, https:\/\/makevoice.com\/wp-content\/uploads\/2023\/07\/hevisaurus-300x169.png 300w, https:\/\/makevoice.com\/wp-content\/uploads\/2023\/07\/hevisaurus-768x432.png 768w\" sizes=\"auto, (max-width: 1025px) 100vw, 1025px\" \/>\r\n        \r\n            <div class=\"site-banner-content container\">\r\n                <div class=\"row w-100\">\r\n                    <div class=\"col-md-12\">\r\n\r\n                        <h1 class=\"hero-title\">Makevoice Oy<\/h1><div class=\"inner-content\">\r\n                            <div class=\"acf-innerblocks-container\">\n\n<h2 class=\"wp-block-heading\">Referenssit<\/h2>\n\n<\/div>\r\n                        <\/div>                    <\/div>\r\n                <\/div>\r\n            <\/div>\r\n        \r\n        <\/div><\/section>\n\n\n<div class=\"wp-block-columns is-layout-flex wp-container-core-columns-is-layout-9d6595d7 wp-block-columns-is-layout-flex\">\n<div class=\"wp-block-column is-layout-flow wp-block-column-is-layout-flow\">\r\n<div  class=\"accordion accordion-bg\">\r\n\r\n    <div class=\"acf-innerblocks-container\">\n\r\n<div class=\"accordion-item  \">\r\n\r\n    <h2  class=\"accordion-header\">\r\n        <button class=\"accordion-button  h3\" type=\"button\" data-bs-toggle=\"collapse\" data-bs-target=\"#collapse-217087884\" aria-expanded=\"false\" aria-controls=\"collapse-217087884\">\r\n                        <span>Et\u00e4juontopaketit<\/span>        <\/button>\r\n    <\/h2>\r\n    <div id=\"collapse-217087884\" class=\"accordion-collapse collapse  show \" aria-labelledby=\"heading-217087884\">\r\n        <div class=\"accordion-body\">\r\n            <div class=\"acf-innerblocks-container\">\n\n<p>\u00c4\u00e4nireferenssit saat kuultavaksesi vain pyydett\u00e4ess\u00e4. Emme jaa \u00e4\u00e4nireferenssej\u00e4 koska emme halua asiakkaittemme materiaalien p\u00e4\u00e4tyv\u00e4n AI opetusmateriaaliksi.<\/p>\n\n\n\n<p>Voitte pyyt\u00e4\u00e4 referenssej\u00e4 s\u00e4hk\u00f6postitse.<\/p>\n\n<\/div>        <\/div>\r\n\r\n\r\n    <\/div>\r\n<\/div>\n<\/div>\r\n<\/div><\/div>\n\n\n\n<div class=\"wp-block-column is-layout-flow wp-block-column-is-layout-flow\">\r\n<div  class=\"accordion accordion-bg\">\r\n\r\n    <div class=\"acf-innerblocks-container\">\n\r\n<div class=\"accordion-item  \">\r\n\r\n    <h2  class=\"accordion-header\">\r\n        <button class=\"accordion-button  h3\" type=\"button\" data-bs-toggle=\"collapse\" data-bs-target=\"#collapse-1919602713\" aria-expanded=\"false\" aria-controls=\"collapse-1919602713\">\r\n                        <span>Mainokset<\/span>        <\/button>\r\n    <\/h2>\r\n    <div id=\"collapse-1919602713\" class=\"accordion-collapse collapse  show \" aria-labelledby=\"heading-1919602713\">\r\n        <div class=\"accordion-body\">\r\n            <div class=\"acf-innerblocks-container\">\n\n<p>\u00c4\u00e4nireferenssit saat kuultavaksesi vain pyydett\u00e4ess\u00e4. Emme jaa \u00e4\u00e4nireferenssej\u00e4 koska emme halua asiakkaittemme materiaalien p\u00e4\u00e4tyv\u00e4n AI opetusmateriaaliksi.<\/p>\n\n\n\n<p>Voitte pyyt\u00e4\u00e4 referenssej\u00e4 s\u00e4hk\u00f6postitse.<\/p>\n\n<\/div>        <\/div>\r\n\r\n\r\n    <\/div>\r\n<\/div>\n<\/div>\r\n<\/div><\/div>\n\n\n\n<div class=\"wp-block-column is-layout-flow wp-block-column-is-layout-flow\">\r\n<div  class=\"accordion accordion-bg\">\r\n\r\n    <div class=\"acf-innerblocks-container\">\n\r\n<div class=\"accordion-item  \">\r\n\r\n    <h2  class=\"accordion-header\">\r\n        <button class=\"accordion-button  h3\" type=\"button\" data-bs-toggle=\"collapse\" data-bs-target=\"#collapse-1103491057\" aria-expanded=\"false\" aria-controls=\"collapse-1103491057\">\r\n                        <span>Musiikki ja \u00e4\u00e4nilogot<\/span>        <\/button>\r\n    <\/h2>\r\n    <div id=\"collapse-1103491057\" class=\"accordion-collapse collapse  show \" aria-labelledby=\"heading-1103491057\">\r\n        <div class=\"accordion-body\">\r\n            <div class=\"acf-innerblocks-container\">\n\n<p>\u00c4\u00e4nireferenssit saat kuultavaksesi vain pyydett\u00e4ess\u00e4. Emme jaa \u00e4\u00e4nireferenssej\u00e4 koska emme halua asiakkaittemme materiaalien p\u00e4\u00e4tyv\u00e4n AI opetusmateriaaliksi.<\/p>\n\n\n\n<p>Voitte pyyt\u00e4\u00e4 referenssej\u00e4 s\u00e4hk\u00f6postitse.<\/p>\n\n<\/div>        <\/div>\r\n\r\n\r\n    <\/div>\r\n<\/div>\n<\/div>\r\n<\/div><\/div>\n<\/div>\n\n\n\r\n<div  class=\"accordion accordion-bg\">\r\n\r\n    <div class=\"acf-innerblocks-container\">\n\r\n<div class=\"accordion-item  \">\r\n\r\n    <h2  class=\"accordion-header\">\r\n        <button class=\"accordion-button  h3\" type=\"button\" data-bs-toggle=\"collapse\" data-bs-target=\"#collapse-1951516284\" aria-expanded=\"false\" aria-controls=\"collapse-1951516284\">\r\n                        <span>TV ja Somemainokset<\/span>        <\/button>\r\n    <\/h2>\r\n    <div id=\"collapse-1951516284\" class=\"accordion-collapse collapse  show \" aria-labelledby=\"heading-1951516284\">\r\n        <div class=\"accordion-body\">\r\n            <div class=\"acf-innerblocks-container\">\n\n<div class=\"wp-block-columns is-layout-flex wp-container-core-columns-is-layout-9d6595d7 wp-block-columns-is-layout-flex\">\n<div class=\"wp-block-column is-layout-flow wp-block-column-is-layout-flow\">\n<figure class=\"wp-block-embed is-type-video is-provider-vimeo wp-block-embed-vimeo wp-embed-aspect-16-9 wp-has-aspect-ratio\"><div class=\"wp-block-embed__wrapper\">\n<div class=\"ratio ratio-16x9\"><iframe loading=\"lazy\" title=\"Kids Chronicles -peli\" src=\"https:\/\/player.vimeo.com\/video\/796013176?dnt=1&amp;app_id=122963\" width=\"800\" height=\"450\" frameborder=\"0\" allow=\"autoplay; fullscreen; picture-in-picture; clipboard-write\"><\/iframe><\/div>\n<\/div><\/figure>\n\n\n\n<h3 class=\"wp-block-heading\">Kids Chronicals -peli<\/h3>\n<\/div>\n\n\n\n<div class=\"wp-block-column is-layout-flow wp-block-column-is-layout-flow\">\n<figure class=\"wp-block-embed is-type-video is-provider-vimeo wp-block-embed-vimeo wp-embed-aspect-16-9 wp-has-aspect-ratio\"><div class=\"wp-block-embed__wrapper\">\n <div class=\"ratio ratio-16x9\"><iframe loading=\"lazy\" title=\"Bildit -peli\" src=\"https:\/\/player.vimeo.com\/video\/796012093?dnt=1&amp;app_id=122963\" width=\"800\" height=\"450\" frameborder=\"0\" allow=\"autoplay; fullscreen; picture-in-picture; clipboard-write\"><\/iframe><\/div>\n<\/div><\/figure>\n\n\n\n<h3 class=\"wp-block-heading\">Bildit \u2013 peli<\/h3>\n<\/div>\n\n\n\n<div class=\"wp-block-column is-layout-flow wp-block-column-is-layout-flow\">\n<figure class=\"wp-block-embed is-type-video is-provider-vimeo wp-block-embed-vimeo wp-embed-aspect-16-9 wp-has-aspect-ratio\"><div class=\"wp-block-embed__wrapper\">\n<div class=\"ratio ratio-16x9\"><iframe loading=\"lazy\" title=\"Autotalo J\u00e4rvi\" src=\"https:\/\/player.vimeo.com\/video\/796010652?dnt=1&amp;app_id=122963\" width=\"800\" height=\"450\" frameborder=\"0\" allow=\"autoplay; fullscreen; picture-in-picture; clipboard-write\"><\/iframe><\/div>\n<\/div><\/figure>\n\n\n\n<h3 class=\"wp-block-heading\">Autotalo J\u00e4rvi<\/h3>\n<\/div>\n<\/div>\n\n\n\n<div class=\"wp-block-columns is-layout-flex wp-container-core-columns-is-layout-9d6595d7 wp-block-columns-is-layout-flex\">\n<div class=\"wp-block-column is-layout-flow wp-block-column-is-layout-flow\">\n<figure class=\"wp-block-embed is-type-video is-provider-vimeo wp-block-embed-vimeo wp-embed-aspect-16-9 wp-has-aspect-ratio\"><div class=\"wp-block-embed__wrapper\">\n<div class=\"ratio ratio-16x9\"><iframe loading=\"lazy\" title=\"Tonia -koiranvaatteet\" src=\"https:\/\/player.vimeo.com\/video\/796011503?dnt=1&amp;app_id=122963\" width=\"800\" height=\"450\" frameborder=\"0\" allow=\"autoplay; fullscreen; picture-in-picture; clipboard-write\"><\/iframe><\/div>\n<\/div><\/figure>\n\n\n\n<h3 class=\"wp-block-heading\">Tonia &#8211; koiranvaatteet<\/h3>\n<\/div>\n\n\n\n<div class=\"wp-block-column is-layout-flow wp-block-column-is-layout-flow\">\n<figure class=\"wp-block-embed is-type-video is-provider-vimeo wp-block-embed-vimeo wp-embed-aspect-16-9 wp-has-aspect-ratio\"><div class=\"wp-block-embed__wrapper\">\n <div class=\"ratio ratio-16x9\"><iframe loading=\"lazy\" title=\"Hevisaurus -lelut\" src=\"https:\/\/player.vimeo.com\/video\/796012015?dnt=1&amp;app_id=122963\" width=\"800\" height=\"450\" frameborder=\"0\" allow=\"autoplay; fullscreen; picture-in-picture; clipboard-write\"><\/iframe><\/div>\n<\/div><\/figure>\n\n\n\n<h3 class=\"wp-block-heading\">Hevisaurus -lelut<\/h3>\n<\/div>\n\n\n\n<div class=\"wp-block-column is-layout-flow wp-block-column-is-layout-flow\">\n<figure class=\"wp-block-embed is-type-video is-provider-vimeo wp-block-embed-vimeo wp-embed-aspect-16-9 wp-has-aspect-ratio\"><div class=\"wp-block-embed__wrapper\">\n<div class=\"ratio ratio-16x9\"><iframe loading=\"lazy\" title=\"Petri Kolmonen\" src=\"https:\/\/player.vimeo.com\/video\/806708566?dnt=1&amp;app_id=122963\" width=\"800\" height=\"450\" frameborder=\"0\" allow=\"autoplay; fullscreen; picture-in-picture; clipboard-write\"><\/iframe><\/div>\n<\/div><\/figure>\n\n\n\n<h3 class=\"wp-block-heading\">Petri Kolmonen<\/h3>\n<\/div>\n<\/div>\n\n\n\n<div class=\"wp-block-columns is-layout-flex wp-container-core-columns-is-layout-9d6595d7 wp-block-columns-is-layout-flex\">\n<div class=\"wp-block-column is-layout-flow wp-block-column-is-layout-flow\">\n<p>Olemme erikoistunut lasten lelumainoksiin. T\u00e4ss\u00e4 esimerkiksi kanavallinen tuottamiamme mainoksia:&nbsp;<a href=\"https:\/\/www.youtube.com\/@AmoSuomi\/videos\" target=\"_blank\" rel=\"noopener\" title=\"\">https:\/\/www.youtube.com\/@AmoSuomi<\/a><\/p>\n\n\n\n<h3 class=\"wp-block-heading\">AmoSuomi<\/h3>\n<\/div>\n\n\n\n<div class=\"wp-block-column is-layout-flow wp-block-column-is-layout-flow\"><\/div>\n\n\n\n<div class=\"wp-block-column is-layout-flow wp-block-column-is-layout-flow\"><\/div>\n<\/div>\n\n<\/div>        <\/div>\r\n\r\n\r\n    <\/div>\r\n<\/div>\n<\/div>\r\n<\/div>\n\n\n<h2 class=\"wp-block-heading has-text-align-center\" id=\"kertomukset\">Asiakaskertomukset<\/h2>\n\n\n\n<hr class=\"wp-block-separator has-css-opacity is-style-default\"\/>\n\n\n\n<div class=\"wp-block-group\"><div class=\"wp-block-group__inner-container is-layout-constrained wp-block-group-is-layout-constrained\">\n<div class=\"wp-block-columns is-layout-flex wp-container-core-columns-is-layout-9d6595d7 wp-block-columns-is-layout-flex\">\n<div class=\"wp-block-column border is-layout-flow wp-block-column-is-layout-flow\">\n<p class=\"has-text-align-left\">&#8220;Perus \u00e4\u00e4nituotantojen lis\u00e4ksi makevoice on ollut mukana suunnittelemassa ja tuotteistamassa erilaisia audio kampanjoita ja kokonaisuuksia kauppakeskus asiakkaillemme. Makevoice on tuonut luovaa n\u00e4k\u00f6kulmaa sis\u00e4lt\u00f6ihin ja toteutukseen.<\/p>\n\n\n\n<p class=\"has-text-align-left\">Yhdess\u00e4 tekeminen on helppoa, avointa ja m\u00e4\u00e4r\u00e4tietoista.<\/p>\n\n\n\n<p class=\"has-text-align-left\">Yhteisty\u00f6mme on kest\u00e4nyt Makevoicen kanssa toistakymment\u00e4 vuotta ja tulemme jatkamaan sit\u00e4.&#8221;<\/p>\n\n\n\n<hr class=\"wp-block-separator has-alpha-channel-opacity is-style-wide\"\/>\n\n\n\n<p class=\"has-text-align-left\"><em>Petteri Rantanen \/ Mall Voice \/ Kauppakeskusasiakkuusjohtaja<\/em><\/p>\n<\/div>\n\n\n\n<div class=\"wp-block-column border is-layout-flow wp-block-column-is-layout-flow\">\n<p>\u201cAmo Oy ja Makevoice jakavat pitk\u00e4n historian yhdess\u00e4. Olemme k\u00e4ytt\u00e4neet Makevoicen palveluja laajalla skaalalla avaimet k\u00e4teen konseptilla. Meille t\u00e4m\u00e4 on tarkoittanut helppoutta ja ty\u00f6n tekemist\u00e4 kumppanin kanssa, joka toimii itsen\u00e4isesti ja ymm\u00e4rt\u00e4\u00e4 tuotteemme kuin omansa.<\/p>\n\n\n\n<p>Olkoon tilaus ollut spottien \u00e4\u00e4nitt\u00e4mist\u00e4, k\u00e4\u00e4nt\u00e4mist\u00e4, tuottamista tai vaikkapa spottien siirt\u00e4mist\u00e4 haluttuihin mediaymp\u00e4rist\u00f6ihin niin kaikki on kokonaisvaltaisesti toiminut eritt\u00e4in luotettavasti. <\/p>\n\n\n\n<p>Makevoice on ketter\u00e4 ja muuttuu tarpeidemme ja ajan tuomien uusien ymp\u00e4rist\u00f6jen mukaan.\u201d<\/p>\n\n\n\n<hr class=\"wp-block-separator has-alpha-channel-opacity is-style-wide\"\/>\n\n\n\n<p class=\"has-text-align-left\"><em>Minna Kaivola, Amo Oy, toimitusjohtaja<\/em><\/p>\n<\/div>\n\n\n\n<div class=\"wp-block-column border is-layout-flow wp-block-column-is-layout-flow\">\n<p>SUN Radion yhteisty\u00f6 Makevoicen kanssa mainos- ja kanavatuotantojen osalta on kest\u00e4nyt jo vuosia. Erityiskiitoksen Make ansaitsee tuotantojen nopeudesta ja teksteihin heitt\u00e4ytymisest\u00e4. Vuosien yhteisty\u00f6n tuloksena toiveet usein jopa ylittyv\u00e4t, kun tuottaja tiet\u00e4\u00e4 jopa asiakasta paremmin, millaisia tuotantoja mihinkin kaivataan.<\/p>\n\n\n\n<hr class=\"wp-block-separator has-alpha-channel-opacity is-style-wide\"\/>\n\n\n\n<p class=\"has-text-align-left\"><em>Kimmo Hoivassilta \/ Radio SUN<\/em><\/p>\n<\/div>\n<\/div>\n\n\n\n<div class=\"wp-block-columns is-layout-flex wp-container-core-columns-is-layout-9d6595d7 wp-block-columns-is-layout-flex\">\n<div class=\"wp-block-column border is-layout-flow wp-block-column-is-layout-flow\">\n<p class=\"has-text-align-left\">&#8220;Olen vuosien mittaan tilannut satoja erilaisia \u00e4\u00e4nispotteja Makevoicelta. Yhteisty\u00f6 on ollut helppoa ja sujuvaa. Makevoice on hienosti ideoinut mainosteksteist\u00e4 erilaisia mielikuvia ja \u00e4\u00e4nimaisemia mainoksiin, saaden minut ja asiakkaat eritt\u00e4in tyytyv\u00e4isiksi.&#8221;<\/p>\n\n\n\n<hr class=\"wp-block-separator has-alpha-channel-opacity is-style-wide\"\/>\n\n\n\n<p><em>Marko Huhdanm\u00e4ki <\/em><em>\/ asiakkuusp\u00e4\u00e4llikk\u00f6 \/ Radio SUN Oy<\/em><\/p>\n<\/div>\n\n\n\n<div class=\"wp-block-column border is-layout-flow wp-block-column-is-layout-flow\">\n<p class=\"has-text-align-left\">Makevoice on pienent\u00e4nyt yrityksemme huolia merkitt\u00e4v\u00e4sti joustavalla palvelullaan ja v\u00e4lill\u00e4 \u00e4\u00e4rimm\u00e4isell\u00e4kin ripeydell\u00e4\u00e4n. Me voimme keskitty\u00e4 omiin t\u00f6ihimme, sill\u00e4 Make hoitaa sujuvasti asiakaskontaktit ja mediatuotannon ja toimittaa meille valmiin tuotteen hyv\u00e4ksyttyn\u00e4 ja valmiina soittoon!<\/p>\n\n\n\n<hr class=\"wp-block-separator has-alpha-channel-opacity is-style-wide\"\/>\n\n\n\n<p><em>Hanna Arpalahti \/ Pirmediat<\/em><\/p>\n<\/div>\n\n\n\n<div class=\"wp-block-column border is-layout-flow wp-block-column-is-layout-flow\">\n<p>Marko on Luova, idearikas ja ennenkaikkea&nbsp;nopea tekstinkirjoittaja.<\/p>\n\n\n\n<p>P\u00e4\u00e4see pienist\u00e4kin vinkeist\u00e4 asiakkaan kanssa samalle aaltopituudelle ja hyv\u00e4\u00e4 teksti\u00e4 syntyy eritt\u00e4in nopeasti. Tehnyt lastensa kanssa lukuisia loistavia dialogeja.<\/p>\n\n\n\n<p>Tarvittaessa vaikka rap-sanoitus tai valmiin tekstin muokkaus rapiksi onnistuu alta aikayksik\u00f6n.<\/p>\n\n\n\n<hr class=\"wp-block-separator has-alpha-channel-opacity is-style-wide\"\/>\n\n\n\n<p class=\"has-text-align-left\"><em>Jaana Laine \/ Mall Voice<\/em><\/p>\n<\/div>\n<\/div>\n\n\n\n<div class=\"wp-block-columns is-layout-flex wp-container-core-columns-is-layout-9d6595d7 wp-block-columns-is-layout-flex\">\n<div class=\"wp-block-column border is-layout-flow wp-block-column-is-layout-flow\">\n<p><em>Olemme Markon kanssa tehneet lasten- ja nuorten tuotteiden mainontaa erinomaisin tuloksin yhdess\u00e4 yli 20 vuotta, mainoksia on tehty varmasti yli 100. P\u00e4\u00e4osin yhteisty\u00f6mme on ollut valmiiden ulkomaisten tv- ja Youtube-mainosten editointia ja spiikkausta Suomeen sopivaksi.<\/em><\/p>\n\n\n\n<p><em>Markolla on erinomainen kyky poimia lyhyest\u00e4kin briiffist\u00e4 tuotteen erityisominaisuudet, ja kohderyhmi\u00e4 niiss\u00e4 kiinnostavat asiat ajan hengess\u00e4. H\u00e4n pystyy itsen\u00e4isestikin hoitamaan koko paketin eli editoimaan valmistakin mainosta tehokkaammaksi esim. Suomen tai muiden Pohjoismaiden k\u00e4ytt\u00f6\u00f6n tai tiettyyn mediaan sopivammaksi. Marko voi kirjoittaa tai muokata spiikkitekstit, jopa sanoittaa ja sovittaa musiikkia tai laulua. Editoidun mainoksen h\u00e4n voi l\u00e4hett\u00e4\u00e4 jo alustavasti spiikattuna n\u00e4ht\u00e4v\u00e4ksi. Yhteydet mediatoimistoihin tai suoraan kanaville hoituvat my\u00f6s. Hommat ovat aina hoituneet oikein hyvin ja tehokkaasti, sek\u00e4 eritt\u00e4in edullisesti, suosittelen!<\/em><\/p>\n\n\n\n<hr class=\"wp-block-separator has-alpha-channel-opacity is-style-wide\"\/>\n\n\n\n<p class=\"has-text-align-left\"><em><em>Asko Wallenius \/ Liniex<\/em><\/em><\/p>\n<\/div>\n\n\n\n<div class=\"wp-block-column border is-layout-flow wp-block-column-is-layout-flow\">\n<p><em>Olemme tehneet Makevoicen kanssa yhteisty\u00f6t\u00e4 jo vuosien ajan ja olemme eritt\u00e4in tyytyv\u00e4isi\u00e4. Palvelu on nopeaa, joustavaa ja ty\u00f6n j\u00e4lki on laadukasta. Olemme saaneet Makevoicelta hyvi\u00e4 luovia ratkaisuja ja teett\u00e4neet heill\u00e4 sek\u00e4 suomen- ett\u00e4 ruotsinkielisi\u00e4 tuotantoja. Vuosien yhteisty\u00f6n ansiosta he tuntevat yrityksemme tarpeet ja toimintatavat, mink\u00e4 ansiosta ty\u00f6skentely on sujuvaa ja helppoa. Makevoicen hinta-laatusuhde on my\u00f6s erinomainen ja voimme suositella heit\u00e4 l\u00e4mpim\u00e4sti yhteisty\u00f6kumppaniksi.<\/em><\/p>\n\n\n\n<hr class=\"wp-block-separator has-alpha-channel-opacity is-style-wide\"\/>\n\n\n\n<p class=\"has-text-align-left\"><em><em>Kati Mattelm\u00e4ki, Marketing &amp; Design Manager, Toyrock Oy<\/em><\/em><\/p>\n<\/div>\n<\/div>\n<\/div><\/div>\n","protected":false},"excerpt":{"rendered":"<p>Asiakaskertomukset &#8220;Perus \u00e4\u00e4nituotantojen lis\u00e4ksi makevoice on ollut mukana suunnittelemassa ja tuotteistamassa erilaisia audio kampanjoita ja kokonaisuuksia kauppakeskus asiakkaillemme. Makevoice on tuonut luovaa n\u00e4k\u00f6kulmaa sis\u00e4lt\u00f6ihin ja toteutukseen. Yhdess\u00e4 tekeminen on helppoa, avointa ja m\u00e4\u00e4r\u00e4tietoista. Yhteisty\u00f6mme on kest\u00e4nyt Makevoicen kanssa toistakymment\u00e4 vuotta ja tulemme jatkamaan sit\u00e4.&#8221; Petteri Rantanen \/ Mall Voice \/ Kauppakeskusasiakkuusjohtaja \u201cAmo Oy ja Makevoice [&hellip;]<\/p>\n","protected":false},"author":1,"featured_media":0,"parent":0,"menu_order":0,"comment_status":"closed","ping_status":"closed","template":"","meta":{"_acf_changed":false,"footnotes":""},"class_list":["post-5238","page","type-page","status-publish","hentry"],"acf":[],"aioseo_notices":[],"_links":{"self":[{"href":"https:\/\/makevoice.com\/fi\/wp-json\/wp\/v2\/pages\/5238","targetHints":{"allow":["GET"]}}],"collection":[{"href":"https:\/\/makevoice.com\/fi\/wp-json\/wp\/v2\/pages"}],"about":[{"href":"https:\/\/makevoice.com\/fi\/wp-json\/wp\/v2\/types\/page"}],"author":[{"embeddable":true,"href":"https:\/\/makevoice.com\/fi\/wp-json\/wp\/v2\/users\/1"}],"replies":[{"embeddable":true,"href":"https:\/\/makevoice.com\/fi\/wp-json\/wp\/v2\/comments?post=5238"}],"version-history":[{"count":3,"href":"https:\/\/makevoice.com\/fi\/wp-json\/wp\/v2\/pages\/5238\/revisions"}],"predecessor-version":[{"id":5499,"href":"https:\/\/makevoice.com\/fi\/wp-json\/wp\/v2\/pages\/5238\/revisions\/5499"}],"wp:attachment":[{"href":"https:\/\/makevoice.com\/fi\/wp-json\/wp\/v2\/media?parent=5238"}],"curies":[{"name":"wp","href":"https:\/\/api.w.org\/{rel}","templated":true}]}}