{"id":4211,"date":"2021-09-28T14:42:32","date_gmt":"2021-09-28T11:42:32","guid":{"rendered":"https:\/\/makevoice.com\/etusivu\/"},"modified":"2023-08-17T13:32:10","modified_gmt":"2023-08-17T10:32:10","slug":"etusivu","status":"publish","type":"page","link":"https:\/\/makevoice.com\/fi\/","title":{"rendered":"Etusivu"},"content":{"rendered":"\r\n\r\n<section class=\"hero site-banner banner-bg-video section-default default alignfull video\">\r\n\r\n    <div class=\"site-banner-bg section-bg-image ob-position\" style=\"object-position: 50% %\" >\r\n\r\n                        <video autoplay muted playsinline loop id=\"header-video\">\r\n                    <source src=\"https:\/\/makevoice.com\/wp-content\/uploads\/2023\/07\/makevoice-etusivun-filmi.mp4\" type=\"video\/mp4\">\r\n                <\/video>\r\n        \r\n        \r\n            <div class=\"site-banner-content container\">\r\n                <div class=\"row w-100\">\r\n                    <div class=\"col-md-12\">\r\n\r\n                        <h1 class=\"hero-title\">Makevoice Oy<\/h1><div class=\"inner-content\">\r\n                            <div class=\"acf-innerblocks-container\">\n\n<h2 class=\"wp-block-heading\">T\u00e4ydenpalvelun audio- ja videomainostoimisto<\/h2>\n\n<\/div>\r\n                        <\/div>                    <\/div>\r\n                <\/div>\r\n            <\/div>\r\n        \r\n        <\/div><\/section>\n\n\n<div class=\"wp-block-columns is-style-default is-layout-flex wp-container-core-columns-is-layout-9d6595d7 wp-block-columns-is-layout-flex\">\n<div class=\"wp-block-column is-layout-flow wp-block-column-is-layout-flow\">\n<h3 class=\"wp-block-heading has-text-align-center\"><a href=\"https:\/\/makevoice.com\/fi\/referenssit\/#kertomukset\" title=\"\">Katso mit\u00e4 asiakkaamme kertovat meist\u00e4 &gt;&gt;<\/a><\/h3>\n<\/div>\n<\/div>\n\n\n<div class=\"image-and-text wp-block has-media-on-the-right\">\r\n<div class=\"row\">\r\n    <div class=\"col-12 col-md-5 image-col\">\r\n\r\n        <img loading=\"lazy\" decoding=\"async\" width=\"800\" height=\"581\" src=\"https:\/\/makevoice.com\/wp-content\/uploads\/2023\/06\/1-lokalisointi-oikea-1-1024x744.png\" class=\"attachment-large size-large\" alt=\"\" srcset=\"https:\/\/makevoice.com\/wp-content\/uploads\/2023\/06\/1-lokalisointi-oikea-1-1024x744.png 1024w, https:\/\/makevoice.com\/wp-content\/uploads\/2023\/06\/1-lokalisointi-oikea-1-300x218.png 300w, https:\/\/makevoice.com\/wp-content\/uploads\/2023\/06\/1-lokalisointi-oikea-1-768x558.png 768w, https:\/\/makevoice.com\/wp-content\/uploads\/2023\/06\/1-lokalisointi-oikea-1.png 1282w\" sizes=\"auto, (max-width: 800px) 100vw, 800px\" \/>    <\/div>\r\n\r\n    <div class=\"col-12 col-md-7 text-col\"><div class=\"acf-innerblocks-container\">\n\n<h4 class=\"wp-block-heading has-text-align-left has-white-color has-text-color\"><a href=\"https:\/\/makevoice.com\/fi\/palvelut\/#lokalisaatio\" title=\"\">Lokalisointi\u00adpalvelu<\/a><\/h4>\n\n\n\n<p class=\"has-text-align-left\">Videomainosten muokkaaminen kohdemaahan sopivaksi. Englanti, Suomi, Ruotsi, Tanska ja Norja.<\/p>\n\n<\/div>\r\n<\/div>\r\n<\/div>\r\n<\/div>\n\n<div class=\"image-and-text wp-block has-media-on-the-left\">\r\n<div class=\"row\">\r\n    <div class=\"col-12 col-md-6 image-col\">\r\n\r\n        <img loading=\"lazy\" decoding=\"async\" width=\"800\" height=\"444\" src=\"https:\/\/makevoice.com\/wp-content\/uploads\/2023\/06\/2-spiikkerit-vasen-1024x568.png\" class=\"attachment-large size-large\" alt=\"\" srcset=\"https:\/\/makevoice.com\/wp-content\/uploads\/2023\/06\/2-spiikkerit-vasen-1024x568.png 1024w, https:\/\/makevoice.com\/wp-content\/uploads\/2023\/06\/2-spiikkerit-vasen-300x166.png 300w, https:\/\/makevoice.com\/wp-content\/uploads\/2023\/06\/2-spiikkerit-vasen-768x426.png 768w, https:\/\/makevoice.com\/wp-content\/uploads\/2023\/06\/2-spiikkerit-vasen-1536x852.png 1536w, https:\/\/makevoice.com\/wp-content\/uploads\/2023\/06\/2-spiikkerit-vasen.png 1915w\" sizes=\"auto, (max-width: 800px) 100vw, 800px\" \/>    <\/div>\r\n\r\n    <div class=\"col-12 col-md-6 text-col\"><div class=\"acf-innerblocks-container\">\n\n<h4 class=\"wp-block-heading has-text-align-left\"><a href=\"https:\/\/makevoice.com\/fi\/palvelut\/#spiikkerit\" title=\"\">Spiikkerit<\/a><\/h4>\n\n\n\n<p>Spiikkerien valikoimastamme l\u00f6ytyy jokaiseen mainokseen sopiva \u00e4\u00e4ni.<\/p>\n\n<\/div>\r\n<\/div>\r\n<\/div>\r\n<\/div>\n\n<div class=\"image-and-text wp-block has-media-on-the-right\">\r\n<div class=\"row\">\r\n    <div class=\"col-12 col-md-6 image-col\">\r\n\r\n        <img loading=\"lazy\" decoding=\"async\" width=\"800\" height=\"444\" src=\"https:\/\/makevoice.com\/wp-content\/uploads\/2023\/06\/3-audiotuotanto-oikea-1024x568.png\" class=\"attachment-large size-large\" alt=\"\" srcset=\"https:\/\/makevoice.com\/wp-content\/uploads\/2023\/06\/3-audiotuotanto-oikea-1024x568.png 1024w, https:\/\/makevoice.com\/wp-content\/uploads\/2023\/06\/3-audiotuotanto-oikea-300x166.png 300w, https:\/\/makevoice.com\/wp-content\/uploads\/2023\/06\/3-audiotuotanto-oikea-768x426.png 768w, https:\/\/makevoice.com\/wp-content\/uploads\/2023\/06\/3-audiotuotanto-oikea-1536x852.png 1536w, https:\/\/makevoice.com\/wp-content\/uploads\/2023\/06\/3-audiotuotanto-oikea.png 1915w\" sizes=\"auto, (max-width: 800px) 100vw, 800px\" \/>    <\/div>\r\n\r\n    <div class=\"col-12 col-md-6 text-col\"><div class=\"acf-innerblocks-container\">\n\n<h4 class=\"wp-block-heading has-text-align-left\"><a href=\"https:\/\/makevoice.com\/fi\/palvelut\/#audiotuotanto\" title=\"Palvelut\">Audiotuotanto\u00adpalvelu<\/a><\/h4>\n\n\n\n<p class=\"has-text-align-left\">Saat meilt\u00e4 niin pienet kuin isommatkin audioev\u00e4\u00e4t aina yksitt\u00e4isist\u00e4 spiikeist\u00e4 elokuvien \u00e4\u00e4nisuunnitteluihin.<\/p>\n\n<\/div>\r\n<\/div>\r\n<\/div>\r\n<\/div>\n\n<div class=\"image-and-text wp-block has-media-on-the-left\">\r\n<div class=\"row\">\r\n    <div class=\"col-12 col-md-6 image-col\">\r\n\r\n        <img loading=\"lazy\" decoding=\"async\" width=\"800\" height=\"444\" src=\"https:\/\/makevoice.com\/wp-content\/uploads\/2023\/06\/4-videotuotanto-vasen-1024x568.png\" class=\"attachment-large size-large\" alt=\"\" srcset=\"https:\/\/makevoice.com\/wp-content\/uploads\/2023\/06\/4-videotuotanto-vasen-1024x568.png 1024w, https:\/\/makevoice.com\/wp-content\/uploads\/2023\/06\/4-videotuotanto-vasen-300x166.png 300w, https:\/\/makevoice.com\/wp-content\/uploads\/2023\/06\/4-videotuotanto-vasen-768x426.png 768w, https:\/\/makevoice.com\/wp-content\/uploads\/2023\/06\/4-videotuotanto-vasen-1536x852.png 1536w, https:\/\/makevoice.com\/wp-content\/uploads\/2023\/06\/4-videotuotanto-vasen.png 1915w\" sizes=\"auto, (max-width: 800px) 100vw, 800px\" \/>    <\/div>\r\n\r\n    <div class=\"col-12 col-md-6 text-col\"><div class=\"acf-innerblocks-container\">\n\n<h4 class=\"wp-block-heading has-text-align-left\"><a href=\"https:\/\/makevoice.com\/fi\/palvelut\/#videotuotanto\" title=\"\">Videotuotanto\u00adpalvelu<\/a><\/h4>\n\n\n\n<p class=\"has-text-align-left\">Yritys-&nbsp;ja tuotevideot markkinointiisi. Toteutukset valmiista k\u00e4sikirjoituksesta tai vaikka ranskalaisista viivoista alkaen.&nbsp;<\/p>\n\n<\/div>\r\n<\/div>\r\n<\/div>\r\n<\/div>\n\n<div class=\"image-and-text wp-block is-style-default has-media-on-the-right\">\r\n<div class=\"row\">\r\n    <div class=\"col-12 col-md-6 image-col\">\r\n\r\n        <img loading=\"lazy\" decoding=\"async\" width=\"800\" height=\"535\" src=\"https:\/\/makevoice.com\/wp-content\/uploads\/2023\/08\/5-studio1-oikea-1024x685.png\" class=\"attachment-large size-large\" alt=\"\" srcset=\"https:\/\/makevoice.com\/wp-content\/uploads\/2023\/08\/5-studio1-oikea-1024x685.png 1024w, https:\/\/makevoice.com\/wp-content\/uploads\/2023\/08\/5-studio1-oikea-300x201.png 300w, https:\/\/makevoice.com\/wp-content\/uploads\/2023\/08\/5-studio1-oikea-768x514.png 768w, https:\/\/makevoice.com\/wp-content\/uploads\/2023\/08\/5-studio1-oikea.png 1399w\" sizes=\"auto, (max-width: 800px) 100vw, 800px\" \/>    <\/div>\r\n\r\n    <div class=\"col-12 col-md-6 text-col\"><div class=\"acf-innerblocks-container\">\n\n<h4 class=\"wp-block-heading has-text-align-left\"><a href=\"https:\/\/makevoice.com\/fi\/palvelut\/#tilat\" title=\"\">Tilat<\/a><\/h4>\n\n\n\n<p class=\"has-text-align-left\">Studiomme koostuu \u00e4\u00e4niyksik\u00f6st\u00e4, spiikkikopista sek\u00e4 Green Screen studiosta, joka sijaitsee Hyvink\u00e4\u00e4ll\u00e4, H\u00e4meenkatu 8. Juna-asemalta 4 minuuttia k\u00e4vellen. Tarvittaessa voimme \u00e4\u00e4nitt\u00e4\u00e4 tuotantosi Helsingiss\u00e4, Pasilan Juna-aseman vieress\u00e4 Tenderinlenkki 12.<\/p>\n\n<\/div>\r\n<\/div>\r\n<\/div>\r\n<\/div>\n\n<div class=\"image-and-text wp-block has-media-on-the-left\">\r\n<div class=\"row\">\r\n    <div class=\"col-12 col-md-6 image-col\">\r\n\r\n        <img loading=\"lazy\" decoding=\"async\" width=\"800\" height=\"444\" src=\"https:\/\/makevoice.com\/wp-content\/uploads\/2023\/06\/6-etaejuontopaketti-vasen-1024x568.png\" class=\"attachment-large size-large\" alt=\"\" srcset=\"https:\/\/makevoice.com\/wp-content\/uploads\/2023\/06\/6-etaejuontopaketti-vasen-1024x568.png 1024w, https:\/\/makevoice.com\/wp-content\/uploads\/2023\/06\/6-etaejuontopaketti-vasen-300x166.png 300w, https:\/\/makevoice.com\/wp-content\/uploads\/2023\/06\/6-etaejuontopaketti-vasen-768x426.png 768w, https:\/\/makevoice.com\/wp-content\/uploads\/2023\/06\/6-etaejuontopaketti-vasen-1536x852.png 1536w, https:\/\/makevoice.com\/wp-content\/uploads\/2023\/06\/6-etaejuontopaketti-vasen.png 1915w\" sizes=\"auto, (max-width: 800px) 100vw, 800px\" \/>    <\/div>\r\n\r\n    <div class=\"col-12 col-md-6 text-col\"><div class=\"acf-innerblocks-container\">\n\n<h4 class=\"wp-block-heading has-text-align-left\"><a href=\"https:\/\/makevoice.com\/fi\/palvelut\/#etajuonto\" title=\"\">Et\u00e4juonto\u00adpaketti<\/a><\/h4>\n\n\n\n<p class=\"has-text-align-left\">Aktivoivaa,&nbsp;markkinahenkist\u00e4, kustannustehokasta \u00e4\u00e4nisis\u00e4lt\u00f6\u00e4 tapahtumaasi.&nbsp;&nbsp;<\/p>\n\n<\/div>\r\n<\/div>\r\n<\/div>\r\n<\/div>\n\n<div class=\"image-and-text wp-block has-media-on-the-right\">\r\n<div class=\"row\">\r\n    <div class=\"col-12 col-md-6 image-col\">\r\n\r\n        <img loading=\"lazy\" decoding=\"async\" width=\"760\" height=\"400\" src=\"https:\/\/makevoice.com\/wp-content\/uploads\/2023\/07\/7-makevoice-audioympaeristoe-oikea-1.png\" class=\"attachment-large size-large\" alt=\"\" srcset=\"https:\/\/makevoice.com\/wp-content\/uploads\/2023\/07\/7-makevoice-audioympaeristoe-oikea-1.png 760w, https:\/\/makevoice.com\/wp-content\/uploads\/2023\/07\/7-makevoice-audioympaeristoe-oikea-1-300x158.png 300w\" sizes=\"auto, (max-width: 760px) 100vw, 760px\" \/>    <\/div>\r\n\r\n    <div class=\"col-12 col-md-6 text-col\"><div class=\"acf-innerblocks-container\">\n\n<h4 class=\"wp-block-heading has-text-align-left\"><a href=\"https:\/\/makevoice.com\/fi\/palvelut\/#audioymparisto\" title=\"\">Audioymp\u00e4rist\u00f6\u00adpalvelu<\/a><\/h4>\n\n\n\n<p class=\"has-text-align-left\">Lis\u00e4\u00e4 ostoksia k\u00e4rryyn \u00e4\u00e4nell\u00e4! Ohjaa asiakkaasi&nbsp;ostok\u00e4ytt\u00e4ytymist\u00e4 ja luo persoonallista \u00e4\u00e4nitunnelmaa.<\/p>\n\n<\/div>\r\n<\/div>\r\n<\/div>\r\n<\/div>\n\n<div class=\"image-and-text wp-block has-media-on-the-left\">\r\n<div class=\"row\">\r\n    <div class=\"col-12 col-md-6 image-col\">\r\n\r\n        <img loading=\"lazy\" decoding=\"async\" width=\"800\" height=\"444\" src=\"https:\/\/makevoice.com\/wp-content\/uploads\/2023\/07\/8-digitaalinen-ulkomainonta-vasen-2-1024x568.png\" class=\"attachment-large size-large\" alt=\"\" srcset=\"https:\/\/makevoice.com\/wp-content\/uploads\/2023\/07\/8-digitaalinen-ulkomainonta-vasen-2-1024x568.png 1024w, https:\/\/makevoice.com\/wp-content\/uploads\/2023\/07\/8-digitaalinen-ulkomainonta-vasen-2-300x166.png 300w, https:\/\/makevoice.com\/wp-content\/uploads\/2023\/07\/8-digitaalinen-ulkomainonta-vasen-2-768x426.png 768w, https:\/\/makevoice.com\/wp-content\/uploads\/2023\/07\/8-digitaalinen-ulkomainonta-vasen-2-1536x852.png 1536w, https:\/\/makevoice.com\/wp-content\/uploads\/2023\/07\/8-digitaalinen-ulkomainonta-vasen-2.png 1915w\" sizes=\"auto, (max-width: 800px) 100vw, 800px\" \/>    <\/div>\r\n\r\n    <div class=\"col-12 col-md-6 text-col\"><div class=\"acf-innerblocks-container\">\n\n<h4 class=\"wp-block-heading has-text-align-left\"><a href=\"https:\/\/makevoice.com\/fi\/palvelut\/#kylttimainonta\" title=\"\">Digitalinen Ulkomainonta Hyvink\u00e4\u00e4n tehokkaimmalla paikalla<\/a><\/h4>\n\n\n\n<p class=\"has-text-align-left\">Kassatalon kyltti tavoittaa laajasti autoilijoita sek\u00e4 kauppakeskus Willan, ett\u00e4 Mehil\u00e4isen p\u00e4\u00e4ovesta kulkijat n. 50 000 k\u00e4vij\u00e4\u00e4\/kk. Kirjastoaukiolta, jossa j\u00e4rjestet\u00e4\u00e4n monenlaisia tapahtumia, on suora n\u00e4kyvyys kylttiin. Kyltiss\u00e4 esitett\u00e4v\u00e4 mainonta her\u00e4tt\u00e4\u00e4 my\u00f6s jalankulkijoiden sek\u00e4 py\u00f6r\u00e4ilij\u00f6iden huomion.<\/p>\n\n<\/div>\r\n<\/div>\r\n<\/div>\r\n<\/div>\n\n\n<div class=\"wp-block-cover alignfull\"><span aria-hidden=\"true\" class=\"wp-block-cover__background has-black-background-color has-background-dim-80 has-background-dim\"><\/span><img loading=\"lazy\" decoding=\"async\" width=\"2560\" height=\"846\" class=\"wp-block-cover__image-background wp-image-3939\" alt=\"\" src=\"https:\/\/makevoice.com\/wp-content\/uploads\/2023\/03\/kajarit-scaled.jpg\" data-object-fit=\"cover\" srcset=\"https:\/\/makevoice.com\/wp-content\/uploads\/2023\/03\/kajarit-scaled.jpg 2560w, https:\/\/makevoice.com\/wp-content\/uploads\/2023\/03\/kajarit-300x99.jpg 300w, https:\/\/makevoice.com\/wp-content\/uploads\/2023\/03\/kajarit-1024x339.jpg 1024w, https:\/\/makevoice.com\/wp-content\/uploads\/2023\/03\/kajarit-768x254.jpg 768w, https:\/\/makevoice.com\/wp-content\/uploads\/2023\/03\/kajarit-1536x508.jpg 1536w, https:\/\/makevoice.com\/wp-content\/uploads\/2023\/03\/kajarit-2048x677.jpg 2048w\" sizes=\"auto, (max-width: 2560px) 100vw, 2560px\" \/><div class=\"wp-block-cover__inner-container is-layout-flow wp-block-cover-is-layout-flow\">\n<h4 class=\"wp-block-heading has-text-align-center\">Referenssit<\/h4>\n\n\n\n<div class=\"wp-block-columns is-layout-flex wp-container-core-columns-is-layout-9d6595d7 wp-block-columns-is-layout-flex\">\n<div class=\"wp-block-column is-layout-flow wp-block-column-is-layout-flow\">\n<figure class=\"wp-block-embed is-type-video is-provider-vimeo wp-block-embed-vimeo wp-embed-aspect-16-9 wp-has-aspect-ratio\"><div class=\"wp-block-embed__wrapper\">\n<div class=\"ratio ratio-16x9\"><iframe loading=\"lazy\" title=\"Kids Chronicles -peli\" src=\"https:\/\/player.vimeo.com\/video\/796013176?dnt=1&amp;app_id=122963\" width=\"800\" height=\"450\" frameborder=\"0\" allow=\"autoplay; fullscreen; picture-in-picture\"><\/iframe><\/div>\n<\/div><\/figure>\n\n\n\n<h3 class=\"wp-block-heading\">Kids Chronicles -peli<\/h3>\n<\/div>\n\n\n\n<div class=\"wp-block-column is-layout-flow wp-block-column-is-layout-flow\">\n<figure class=\"wp-block-embed is-type-video is-provider-vimeo wp-block-embed-vimeo wp-embed-aspect-16-9 wp-has-aspect-ratio\"><div class=\"wp-block-embed__wrapper\">\n<div class=\"ratio ratio-16x9\"><iframe loading=\"lazy\" title=\"Autotalo J\u00e4rvi\" src=\"https:\/\/player.vimeo.com\/video\/796010652?dnt=1&amp;app_id=122963\" width=\"800\" height=\"450\" frameborder=\"0\" allow=\"autoplay; fullscreen; picture-in-picture\"><\/iframe><\/div>\n<\/div><\/figure>\n\n\n\n<h3 class=\"wp-block-heading\">Autotalo J\u00e4rvi<\/h3>\n<\/div>\n\n\n\n<div class=\"wp-block-column is-layout-flow wp-block-column-is-layout-flow\">\n<figure class=\"wp-block-embed is-type-video is-provider-vimeo wp-block-embed-vimeo wp-embed-aspect-16-9 wp-has-aspect-ratio\"><div class=\"wp-block-embed__wrapper\">\n<div class=\"ratio ratio-16x9\"><iframe loading=\"lazy\" title=\"Bildit -peli\" src=\"https:\/\/player.vimeo.com\/video\/796012093?dnt=1&amp;app_id=122963\" width=\"800\" height=\"450\" frameborder=\"0\" allow=\"autoplay; fullscreen; picture-in-picture\"><\/iframe><\/div>\n<\/div><\/figure>\n\n\n\n<h3 class=\"wp-block-heading\">Bildit &#8211; peli<\/h3>\n<\/div>\n<\/div>\n\n\n\n<div class=\"wp-block-buttons is-content-justification-center is-layout-flex wp-container-core-buttons-is-layout-16018d1d wp-block-buttons-is-layout-flex\">\n<div class=\"wp-block-button\"><a class=\"wp-block-button__link wp-element-button\" href=\"https:\/\/makevoice.com\/referenssit\/\">Kaikki referenssit<\/a><\/div>\n<\/div>\n<\/div><\/div>\n\n\n\n<div class=\"wp-block-columns is-layout-flex wp-container-core-columns-is-layout-9d6595d7 wp-block-columns-is-layout-flex\">\n<div class=\"wp-block-column is-layout-flow wp-block-column-is-layout-flow\">\n<div class=\"wp-block-columns is-layout-flex wp-container-core-columns-is-layout-9d6595d7 wp-block-columns-is-layout-flex\">\n<div class=\"wp-block-column is-layout-flow wp-block-column-is-layout-flow\" style=\"flex-basis:100%\">\n<figure class=\"wp-block-image size-large\"><img loading=\"lazy\" decoding=\"async\" width=\"1024\" height=\"264\" src=\"https:\/\/makevoice.com\/wp-content\/uploads\/2023\/07\/logot-etusivulle-makevoice-1024x264.jpg\" alt=\"\" class=\"wp-image-4904\" srcset=\"https:\/\/makevoice.com\/wp-content\/uploads\/2023\/07\/logot-etusivulle-makevoice-1024x264.jpg 1024w, https:\/\/makevoice.com\/wp-content\/uploads\/2023\/07\/logot-etusivulle-makevoice-300x77.jpg 300w, https:\/\/makevoice.com\/wp-content\/uploads\/2023\/07\/logot-etusivulle-makevoice-768x198.jpg 768w, https:\/\/makevoice.com\/wp-content\/uploads\/2023\/07\/logot-etusivulle-makevoice-1536x396.jpg 1536w, https:\/\/makevoice.com\/wp-content\/uploads\/2023\/07\/logot-etusivulle-makevoice.jpg 1600w\" sizes=\"auto, (max-width: 1024px) 100vw, 1024px\" \/><\/figure>\n<\/div>\n<\/div>\n<\/div>\n<\/div>\n","protected":false},"excerpt":{"rendered":"<p>Katso mit\u00e4 asiakkaamme kertovat meist\u00e4 &gt;&gt;<\/p>\n","protected":false},"author":1,"featured_media":0,"parent":0,"menu_order":1,"comment_status":"closed","ping_status":"closed","template":"","meta":{"_acf_changed":false,"footnotes":""},"class_list":["post-4211","page","type-page","status-publish","hentry"],"acf":[],"aioseo_notices":[],"_links":{"self":[{"href":"https:\/\/makevoice.com\/fi\/wp-json\/wp\/v2\/pages\/4211","targetHints":{"allow":["GET"]}}],"collection":[{"href":"https:\/\/makevoice.com\/fi\/wp-json\/wp\/v2\/pages"}],"about":[{"href":"https:\/\/makevoice.com\/fi\/wp-json\/wp\/v2\/types\/page"}],"author":[{"embeddable":true,"href":"https:\/\/makevoice.com\/fi\/wp-json\/wp\/v2\/users\/1"}],"replies":[{"embeddable":true,"href":"https:\/\/makevoice.com\/fi\/wp-json\/wp\/v2\/comments?post=4211"}],"version-history":[{"count":3,"href":"https:\/\/makevoice.com\/fi\/wp-json\/wp\/v2\/pages\/4211\/revisions"}],"predecessor-version":[{"id":5470,"href":"https:\/\/makevoice.com\/fi\/wp-json\/wp\/v2\/pages\/4211\/revisions\/5470"}],"wp:attachment":[{"href":"https:\/\/makevoice.com\/fi\/wp-json\/wp\/v2\/media?parent=4211"}],"curies":[{"name":"wp","href":"https:\/\/api.w.org\/{rel}","templated":true}]}}